{"id":181,"date":"2017-04-02T11:29:21","date_gmt":"2017-04-02T09:29:21","guid":{"rendered":"http:\/\/www.xn--kssel-heizungsbau-zzb.de\/?page_id=181"},"modified":"2017-04-02T11:29:21","modified_gmt":"2017-04-02T09:29:21","slug":"impressum","status":"publish","type":"page","link":"http:\/\/www.xn--kssel-heizungsbau-zzb.de\/index.php\/impressum\/","title":{"rendered":"Impressum"},"content":{"rendered":"<h1>Impressum<\/h1>\n<p>K\u00d6SSEL-Heizungsbau GmbH<br \/>\nHerressener Stra\u00dfe 36<br \/>\n99510 Apolda<\/p>\n<table style=\"width:auto\">\n<tbody>\n<tr>\n<td>Telefon:<\/td>\n<td>03644\/562456<\/td>\n<\/tr>\n<tr>\n<td>Fax:<\/td>\n<td>03644\/562066<\/td>\n<\/tr>\n<tr>\n<td>e-Mail:<\/td>\n<td><a href=\"mailto:info@koessel-heizungsbau.de\">info@koessel-heizungsbau.de<\/a><\/td>\n<\/tr>\n<tr>\n<td>Internet:<\/td>\n<td><a href=\"http:\/\/www.k\u00f6ssel-heizungsbau.de\/\">www.k\u00f6ssel-heizungsbau.de<\/a><\/td>\n<td><a href=\"http:\/\/www.koessel-heizungsbau.de\/\">www.koessel-heizungsbau.de<\/a><\/td>\n<\/tr>\n<\/tbody>\n<\/table>\n<p>Gesch\u00e4ftsf\u00fchrer:<br \/>\nDipl.-Ing Ulrich K\u00f6ssel<br \/>\nHLS-Meister R\u00fcdiger K\u00f6ssel<br \/>\nDipl.-Ing. (FH) Roland K\u00f6ssel<\/p>\n<p>Sitz der Gesellschaft:<br \/>\nApolda<br \/>\nAmtsgericht Jena HRB 508089<\/p>\n<p>Umsatzsteuer-Identifikationsnummer gem\u00e4\u00df \u00a727a UStG:<br \/>\nDE 150243073<\/p>\n<p>Inhaltlich verantwortlicher gem\u00e4\u00df \u00a76 MDStV:<br \/>\nRoland K\u00f6ssel<br \/>\nHerressener Stra\u00dfe 36<br \/>\n99510 Apolda<\/p>\n<p><a href=\"mailto:webmaster@koessel-heizungsbau.de\">webmaster@koessel-heizungsbau.de<\/a><\/p>\n<p>Haftungshinweis:<br \/>\nTrotz sorgf\u00e4ltiger inhaltlicher Kontrolle \u00fcbernehmen wir keine Haftung f\u00fcr die Inhalte externer verlinkter Seiten. F\u00fcr den Inhalt der verlinkten Seiten sind ausschlie\u00dflich deren Betreiber verantwortlich.<\/p>\n","protected":false},"excerpt":{"rendered":"<p>Impressum K\u00d6SSEL-Heizungsbau GmbH Herressener Stra\u00dfe 36 99510 Apolda Telefon: 03644\/562456 Fax: 03644\/562066 e-Mail: info@koessel-heizungsbau.de Internet: www.k\u00f6ssel-heizungsbau.de www.koessel-heizungsbau.de Gesch\u00e4ftsf\u00fchrer: Dipl.-Ing Ulrich K\u00f6ssel HLS-Meister R\u00fcdiger K\u00f6ssel Dipl.-Ing. (FH) Roland K\u00f6ssel Sitz der Gesellschaft: Apolda Amtsgericht Jena HRB 508089 Umsatzsteuer-Identifikationsnummer gem\u00e4\u00df \u00a727a UStG:<span class=\"ellipsis\">&hellip;<\/span><\/p>\n<div class=\"read-more\"><a href=\"http:\/\/www.xn--kssel-heizungsbau-zzb.de\/index.php\/impressum\/\">Lesen Sie weitere <span class=\"screen-reader-text\">Impressum<\/span><span class=\"meta-nav\"> &#8250;<\/span><\/a><\/div>\n<p><!-- end of .read-more --><\/p>\n","protected":false},"author":1,"featured_media":0,"parent":0,"menu_order":0,"comment_status":"closed","ping_status":"closed","template":"","meta":[],"_links":{"self":[{"href":"http:\/\/www.xn--kssel-heizungsbau-zzb.de\/index.php\/wp-json\/wp\/v2\/pages\/181"}],"collection":[{"href":"http:\/\/www.xn--kssel-heizungsbau-zzb.de\/index.php\/wp-json\/wp\/v2\/pages"}],"about":[{"href":"http:\/\/www.xn--kssel-heizungsbau-zzb.de\/index.php\/wp-json\/wp\/v2\/types\/page"}],"author":[{"embeddable":true,"href":"http:\/\/www.xn--kssel-heizungsbau-zzb.de\/index.php\/wp-json\/wp\/v2\/users\/1"}],"replies":[{"embeddable":true,"href":"http:\/\/www.xn--kssel-heizungsbau-zzb.de\/index.php\/wp-json\/wp\/v2\/comments?post=181"}],"version-history":[{"count":1,"href":"http:\/\/www.xn--kssel-heizungsbau-zzb.de\/index.php\/wp-json\/wp\/v2\/pages\/181\/revisions"}],"predecessor-version":[{"id":182,"href":"http:\/\/www.xn--kssel-heizungsbau-zzb.de\/index.php\/wp-json\/wp\/v2\/pages\/181\/revisions\/182"}],"wp:attachment":[{"href":"http:\/\/www.xn--kssel-heizungsbau-zzb.de\/index.php\/wp-json\/wp\/v2\/media?parent=181"}],"curies":[{"name":"wp","href":"https:\/\/api.w.org\/{rel}","templated":true}]}}