{"id":428,"date":"2019-12-11T16:52:19","date_gmt":"2019-12-11T15:52:19","guid":{"rendered":"http:\/\/www.xn--kssel-heizungsbau-zzb.de\/?page_id=428"},"modified":"2019-12-15T19:22:56","modified_gmt":"2019-12-15T18:22:56","slug":"bildungseinrichtungen","status":"publish","type":"page","link":"http:\/\/www.xn--kssel-heizungsbau-zzb.de\/index.php\/bildungseinrichtungen\/","title":{"rendered":"Bildungseinrichtungen"},"content":{"rendered":"\n<h2>Bildungseinrichtungen<\/h2>\n\n\n\n<figure class=\"wp-block-table referencetable\"><table class=\"\"><tbody><tr><td>Auftraggeber<\/td><td>LBIH Gie\u00dfen<\/td><\/tr><tr><td>Bauvorhaben<\/td><td>Neubau Pflanzenforschung<\/td><\/tr><tr><td>Jahr \/ Gewerk<\/td><td>2018-2019 \/ Sanit\u00e4r<\/td><\/tr><tr><td>Auftragssumme<\/td><td>376.000 \u20ac<\/td><\/tr><\/tbody><\/table><\/figure>\n\n\n\n<figure class=\"wp-block-table referencetable\"><table class=\"\"><tbody><tr><td>Auftraggeber<\/td><td>Hessisches Baumanagement<\/td><\/tr><tr><td>Bauvorhaben<\/td><td>Uni Kassel Neubau H\u00f6rsaal-Campus-Center<\/td><\/tr><tr><td>Jahr \/ Gewerk<\/td><td>2015 \/ Sanit\u00e4r<\/td><\/tr><tr><td>Auftragssumme<\/td><td>390.000 \u20ac<\/td><\/tr><tr><td><\/td><td><a href=\"http:\/\/www.xn--kssel-heizungsbau-zzb.de\/index.php\/neubau-hoersaal-campus-center-universitaet-kassel\/\">Weitere Informationen<\/a><\/td><\/tr><\/tbody><\/table><\/figure>\n\n\n\n<figure class=\"wp-block-table referencetable\"><table class=\"\"><tbody><tr><td>Auftraggeber<\/td><td>Landratsamt Schmalkalden Meiningen<\/td><\/tr><tr><td>Bauvorhaben<\/td><td>Staatliche Gemeinschaftsschule Grabfeld<\/td><\/tr><tr><td>Jahr \/ Gewerk<\/td><td>2014-2015 \/ Heizung L\u00fcftung Sanit\u00e4r<\/td><\/tr><tr><td>Auftragssumme<\/td><td>266.000 \u20ac<\/td><\/tr><tr><td><\/td><td><a href=\"http:\/\/www.xn--kssel-heizungsbau-zzb.de\/index.php\/staatliche-gemeinschaftsschule-grabfeld\/\">Weitere Informationen<\/a><\/td><\/tr><\/tbody><\/table><\/figure>\n\n\n\n<figure class=\"wp-block-table referencetable\"><table class=\"\"><tbody><tr><td>Auftraggeber<\/td><td>Hessisches Baumanagement<\/td><\/tr><tr><td>Bauvorhaben<\/td><td>Uni Gie\u00dfen Neubau Instituts- und H\u00f6rsaalgeb\u00e4ude Chemie<\/td><\/tr><tr><td>Jahr \/ Gewerk<\/td><td>2012-2015 \/ Sanit\u00e4r<\/td><\/tr><tr><td>Auftragssumme<\/td><td>3.100.000 \u20ac<\/td><\/tr><tr><td><\/td><td><a href=\"http:\/\/www.xn--kssel-heizungsbau-zzb.de\/index.php\/uni-giessen-neubau-chemie\/\">Weitere Informationen<\/a><\/td><\/tr><\/tbody><\/table><\/figure>\n\n\n\n<figure class=\"wp-block-table referencetable\"><table class=\"\"><tbody><tr><td>Auftraggeber<\/td><td>BIW Bildungswerk Bau\n  Hessen-Th\u00fcringen e.V.<\/td><\/tr><tr><td>Bauvorhaben<\/td><td>Bildungszentrum Frankfurt<\/td><\/tr><tr><td>Jahr \/ Gewerk<\/td><td>2010 \/ Heizung und Solar<\/td><\/tr><tr><td>Auftragssumme<\/td><td>125.000 \u20ac<\/td><\/tr><\/tbody><\/table><\/figure>\n\n\n\n<figure class=\"wp-block-table referencetable\"><table class=\"\"><tbody><tr><td>Auftraggeber<\/td><td>Stadt Apolda<\/td><\/tr><tr><td>Bauvorhaben<\/td><td>Kindertagesst\u00e4tte&nbsp;\n  Apolda<\/td><\/tr><tr><td>Jahr \/ Gewerk<\/td><td>2011 \/ Heizung, L\u00fcftung und Sanit\u00e4r<\/td><\/tr><tr><td>Auftragssumme<\/td><td>478.000 \u20ac<\/td><\/tr><\/tbody><\/table><\/figure>\n","protected":false},"excerpt":{"rendered":"<p>Bildungseinrichtungen Auftraggeber LBIH Gie\u00dfen Bauvorhaben Neubau Pflanzenforschung Jahr \/ Gewerk 2018-2019 \/ Sanit\u00e4r Auftragssumme 376.000 \u20ac Auftraggeber Hessisches Baumanagement Bauvorhaben Uni Kassel Neubau H\u00f6rsaal-Campus-Center Jahr \/ Gewerk 2015 \/ Sanit\u00e4r Auftragssumme 390.000 \u20ac Weitere Informationen Auftraggeber Landratsamt Schmalkalden Meiningen Bauvorhaben<span class=\"ellipsis\">&hellip;<\/span><\/p>\n<div class=\"read-more\"><a href=\"http:\/\/www.xn--kssel-heizungsbau-zzb.de\/index.php\/bildungseinrichtungen\/\">Lesen Sie weitere <span class=\"screen-reader-text\">Bildungseinrichtungen<\/span><span class=\"meta-nav\"> &#8250;<\/span><\/a><\/div>\n<p><!-- end of .read-more --><\/p>\n","protected":false},"author":1,"featured_media":0,"parent":0,"menu_order":0,"comment_status":"closed","ping_status":"closed","template":"","meta":[],"_links":{"self":[{"href":"http:\/\/www.xn--kssel-heizungsbau-zzb.de\/index.php\/wp-json\/wp\/v2\/pages\/428"}],"collection":[{"href":"http:\/\/www.xn--kssel-heizungsbau-zzb.de\/index.php\/wp-json\/wp\/v2\/pages"}],"about":[{"href":"http:\/\/www.xn--kssel-heizungsbau-zzb.de\/index.php\/wp-json\/wp\/v2\/types\/page"}],"author":[{"embeddable":true,"href":"http:\/\/www.xn--kssel-heizungsbau-zzb.de\/index.php\/wp-json\/wp\/v2\/users\/1"}],"replies":[{"embeddable":true,"href":"http:\/\/www.xn--kssel-heizungsbau-zzb.de\/index.php\/wp-json\/wp\/v2\/comments?post=428"}],"version-history":[{"count":2,"href":"http:\/\/www.xn--kssel-heizungsbau-zzb.de\/index.php\/wp-json\/wp\/v2\/pages\/428\/revisions"}],"predecessor-version":[{"id":465,"href":"http:\/\/www.xn--kssel-heizungsbau-zzb.de\/index.php\/wp-json\/wp\/v2\/pages\/428\/revisions\/465"}],"wp:attachment":[{"href":"http:\/\/www.xn--kssel-heizungsbau-zzb.de\/index.php\/wp-json\/wp\/v2\/media?parent=428"}],"curies":[{"name":"wp","href":"https:\/\/api.w.org\/{rel}","templated":true}]}}