{"id":430,"date":"2019-12-11T16:57:04","date_gmt":"2019-12-11T15:57:04","guid":{"rendered":"http:\/\/www.xn--kssel-heizungsbau-zzb.de\/?page_id=430"},"modified":"2019-12-17T14:32:53","modified_gmt":"2019-12-17T13:32:53","slug":"gesellschaftsbauten","status":"publish","type":"page","link":"http:\/\/www.xn--kssel-heizungsbau-zzb.de\/index.php\/gesellschaftsbauten\/","title":{"rendered":"Gesellschaftsbauten"},"content":{"rendered":"\n<h2>Gesellschaftsbauten<\/h2>\n\n\n\n<figure class=\"wp-block-table referencetable\"><table class=\"\"><tbody><tr><td>Auftraggeber<\/td><td>Stiftung Th\u00fcringer Schl\u00f6sser &amp; G\u00e4rten<\/td><\/tr><tr><td>Bauvorhaben<\/td><td>Schloss Friedenstein Gotha<\/td><\/tr><tr><td>Jahr \/ Gewerk<\/td><td>2009-2019 \/ Heizung L\u00fcftung Sanit\u00e4r<\/td><\/tr><tr><td>Auftragssumme<\/td><td>200.000 \u20ac<\/td><\/tr><\/tbody><\/table><\/figure>\n\n\n\n<figure class=\"wp-block-table referencetable\"><table class=\"\"><tbody><tr><td>Auftraggeber<\/td><td>Gemeinde Fuldabr\u00fcck<\/td><\/tr><tr><td>Bauvorhaben<\/td><td>Neubau Feuerwehr<\/td><\/tr><tr><td>Jahr \/ Gewerk<\/td><td>2019 \/ Heizung L\u00fcftung<\/td><\/tr><tr><td>Auftragssumme<\/td><td>280.000 \u20ac<\/td><\/tr><\/tbody><\/table><\/figure>\n\n\n\n<figure class=\"wp-block-table referencetable\"><table class=\"\"><tbody><tr><td>Auftraggeber<\/td><td>Lahn-Dill-Klinikum Wetzlar<\/td><\/tr><tr><td>Bauvorhaben<\/td><td>Neubau Zentralk\u00fcche<\/td><\/tr><tr><td>Jahr \/ Gewerk<\/td><td>2018 \/ Sanit\u00e4r<\/td><\/tr><tr><td>Auftragssumme<\/td><td>490.000 \u20ac<\/td><\/tr><\/tbody><\/table><\/figure>\n\n\n\n<figure class=\"wp-block-table referencetable\"><table class=\"\"><tbody><tr><td>Auftraggeber<\/td><td>IGB AG Weimar<\/td><\/tr><tr><td>Bauvorhaben<\/td><td>Neubau Kita \u201eDrunter &amp; Dr\u00fcber\u201c in K\u00f6nitz<\/td><\/tr><tr><td>Jahr \/ Gewerk<\/td><td>2016-2017 \/ Heizung L\u00fcftung Sanit\u00e4r<\/td><\/tr><tr><td>Auftragssumme<\/td><td>240.000 \u20ac<\/td><\/tr><\/tbody><\/table><\/figure>\n\n\n\n<figure class=\"wp-block-table referencetable\"><table class=\"\"><tbody><tr><td>Auftraggeber<\/td><td>Stadt Baunatal<\/td><\/tr><tr><td>Bauvorhaben<\/td><td>Feuerwehrst\u00fctzpunkt Baunatal-Altenbauna<\/td><\/tr><tr><td>Jahr \/ Gewerk<\/td><td>2015-2016 \/ Heizung L\u00fcftung Sanit\u00e4r<\/td><\/tr><tr><td>Auftragssumme<\/td><td>550.000 \u20ac<\/td><\/tr><tr><td><\/td><td><a href=\"http:\/\/www.xn--kssel-heizungsbau-zzb.de\/index.php\/feuerwehstuetzpunkt-baunatal-altenbauna\/\">Weitere Informationen<\/a><\/td><\/tr><\/tbody><\/table><\/figure>\n\n\n\n<figure class=\"wp-block-table referencetable\"><table class=\"\"><tbody><tr><td>Auftraggeber<\/td><td>IHK S\u00fcdth\u00fcringen<\/td><\/tr><tr><td>Bauvorhaben<\/td><td>Haus der Wirtschaft Suhl<\/td><\/tr><tr><td>Jahr \/ Gewerk<\/td><td>2015-2016 \/ Sanit\u00e4r<\/td><\/tr><tr><td>Auftragssumme<\/td><td>132.000 \u20ac<\/td><\/tr><tr><td><\/td><td><a href=\"http:\/\/www.xn--kssel-heizungsbau-zzb.de\/index.php\/haus-der-wirtschaft-suhl\/\">Weitere Informationen<\/a><\/td><\/tr><\/tbody><\/table><\/figure>\n\n\n\n<figure class=\"wp-block-table referencetable\"><table class=\"\"><tbody><tr><td>Auftraggeber<\/td><td>Elbresidenz Bad Schandau GmbH<\/td><\/tr><tr><td>Bauvorhaben<\/td><td>Hotel Elbresidenz Bad Schandau<\/td><\/tr><tr><td>Jahr \/ Gewerk<\/td><td>2015-2016 \/ Heizung Sanit\u00e4r<\/td><\/tr><tr><td>Auftragssumme<\/td><td>990.000 \u20ac<\/td><\/tr><tr><td><\/td><td><a href=\"http:\/\/www.xn--kssel-heizungsbau-zzb.de\/index.php\/hotel-elbresidenz-bad-schandau\/\">Weitere Informationen<\/a><\/td><\/tr><\/tbody><\/table><\/figure>\n","protected":false},"excerpt":{"rendered":"<p>Gesellschaftsbauten Auftraggeber Stiftung Th\u00fcringer Schl\u00f6sser &amp; G\u00e4rten Bauvorhaben Schloss Friedenstein Gotha Jahr \/ Gewerk 2009-2019 \/ Heizung L\u00fcftung Sanit\u00e4r Auftragssumme 200.000 \u20ac Auftraggeber Gemeinde Fuldabr\u00fcck Bauvorhaben Neubau Feuerwehr Jahr \/ Gewerk 2019 \/ Heizung L\u00fcftung Auftragssumme 280.000 \u20ac Auftraggeber Lahn-Dill-Klinikum<span class=\"ellipsis\">&hellip;<\/span><\/p>\n<div class=\"read-more\"><a href=\"http:\/\/www.xn--kssel-heizungsbau-zzb.de\/index.php\/gesellschaftsbauten\/\">Lesen Sie weitere <span class=\"screen-reader-text\">Gesellschaftsbauten<\/span><span class=\"meta-nav\"> &#8250;<\/span><\/a><\/div>\n<p><!-- end of .read-more --><\/p>\n","protected":false},"author":1,"featured_media":0,"parent":0,"menu_order":0,"comment_status":"closed","ping_status":"closed","template":"","meta":[],"_links":{"self":[{"href":"http:\/\/www.xn--kssel-heizungsbau-zzb.de\/index.php\/wp-json\/wp\/v2\/pages\/430"}],"collection":[{"href":"http:\/\/www.xn--kssel-heizungsbau-zzb.de\/index.php\/wp-json\/wp\/v2\/pages"}],"about":[{"href":"http:\/\/www.xn--kssel-heizungsbau-zzb.de\/index.php\/wp-json\/wp\/v2\/types\/page"}],"author":[{"embeddable":true,"href":"http:\/\/www.xn--kssel-heizungsbau-zzb.de\/index.php\/wp-json\/wp\/v2\/users\/1"}],"replies":[{"embeddable":true,"href":"http:\/\/www.xn--kssel-heizungsbau-zzb.de\/index.php\/wp-json\/wp\/v2\/comments?post=430"}],"version-history":[{"count":4,"href":"http:\/\/www.xn--kssel-heizungsbau-zzb.de\/index.php\/wp-json\/wp\/v2\/pages\/430\/revisions"}],"predecessor-version":[{"id":500,"href":"http:\/\/www.xn--kssel-heizungsbau-zzb.de\/index.php\/wp-json\/wp\/v2\/pages\/430\/revisions\/500"}],"wp:attachment":[{"href":"http:\/\/www.xn--kssel-heizungsbau-zzb.de\/index.php\/wp-json\/wp\/v2\/media?parent=430"}],"curies":[{"name":"wp","href":"https:\/\/api.w.org\/{rel}","templated":true}]}}