{"id":453,"date":"2019-12-15T19:04:28","date_gmt":"2019-12-15T18:04:28","guid":{"rendered":"http:\/\/www.xn--kssel-heizungsbau-zzb.de\/?page_id=453"},"modified":"2019-12-15T19:04:28","modified_gmt":"2019-12-15T18:04:28","slug":"neubau-bettenhaus-ost-klinikum-bad-hersfeld","status":"publish","type":"page","link":"http:\/\/www.xn--kssel-heizungsbau-zzb.de\/index.php\/neubau-bettenhaus-ost-klinikum-bad-hersfeld\/","title":{"rendered":"Neubau Bettenhaus Ost Klinikum Bad Hersfeld"},"content":{"rendered":"\n<h2>Neubau Bettenhaus Ost Klinikum Bad Hersfeld<\/h2>\n\n\n\n<h3>Allgemeines<\/h3>\n\n\n\n<p>Der Neubau mit 80 Zweibett-Zimmern mit Dusche und WC ist ein wichtiger Entwicklungsschritt: Es gibt nunmehr eine ad\u00e4quate Kinderstation, auf der sich Kinder und deren Eltern aber auch die Besch\u00e4ftigten in modernen Strukturen bewegen k\u00f6nnen. Mit der neuen Intensivstation und der Schlaganfall-Station (Stroke unit) im neuen Bettenhaus ist eine hochmoderne Intensivstation bezogen, in denen die Patienten zeitgem\u00e4\u00df versorgt werden k\u00f6nnen.<\/p>\n\n\n\n<h3>Sanit\u00e4rtechnik<\/h3>\n\n\n\n<ul><li>Rohrleitungen f\u00fcr Be- und Entw\u00e4sserung<\/li><li>S\u00e4mtliche Sanit\u00e4re Einrichtungsgegenst\u00e4nde<\/li><li>Dachentw\u00e4sserung<\/li><li>Wandhydrantenschr\u00e4nke und Feuerl\u00f6scher<\/li><li>Dialyse-Versorgungseinheiten<\/li><\/ul>\n","protected":false},"excerpt":{"rendered":"<p>Neubau Bettenhaus Ost Klinikum Bad Hersfeld Allgemeines Der Neubau mit 80 Zweibett-Zimmern mit Dusche und WC ist ein wichtiger Entwicklungsschritt: Es gibt nunmehr eine ad\u00e4quate Kinderstation, auf der sich Kinder und deren Eltern aber auch die Besch\u00e4ftigten in modernen Strukturen<span class=\"ellipsis\">&hellip;<\/span><\/p>\n<div class=\"read-more\"><a href=\"http:\/\/www.xn--kssel-heizungsbau-zzb.de\/index.php\/neubau-bettenhaus-ost-klinikum-bad-hersfeld\/\">Lesen Sie weitere <span class=\"screen-reader-text\">Neubau Bettenhaus Ost Klinikum Bad Hersfeld<\/span><span class=\"meta-nav\"> &#8250;<\/span><\/a><\/div>\n<p><!-- end of .read-more --><\/p>\n","protected":false},"author":1,"featured_media":0,"parent":0,"menu_order":0,"comment_status":"closed","ping_status":"closed","template":"","meta":[],"_links":{"self":[{"href":"http:\/\/www.xn--kssel-heizungsbau-zzb.de\/index.php\/wp-json\/wp\/v2\/pages\/453"}],"collection":[{"href":"http:\/\/www.xn--kssel-heizungsbau-zzb.de\/index.php\/wp-json\/wp\/v2\/pages"}],"about":[{"href":"http:\/\/www.xn--kssel-heizungsbau-zzb.de\/index.php\/wp-json\/wp\/v2\/types\/page"}],"author":[{"embeddable":true,"href":"http:\/\/www.xn--kssel-heizungsbau-zzb.de\/index.php\/wp-json\/wp\/v2\/users\/1"}],"replies":[{"embeddable":true,"href":"http:\/\/www.xn--kssel-heizungsbau-zzb.de\/index.php\/wp-json\/wp\/v2\/comments?post=453"}],"version-history":[{"count":1,"href":"http:\/\/www.xn--kssel-heizungsbau-zzb.de\/index.php\/wp-json\/wp\/v2\/pages\/453\/revisions"}],"predecessor-version":[{"id":454,"href":"http:\/\/www.xn--kssel-heizungsbau-zzb.de\/index.php\/wp-json\/wp\/v2\/pages\/453\/revisions\/454"}],"wp:attachment":[{"href":"http:\/\/www.xn--kssel-heizungsbau-zzb.de\/index.php\/wp-json\/wp\/v2\/media?parent=453"}],"curies":[{"name":"wp","href":"https:\/\/api.w.org\/{rel}","templated":true}]}}