{"id":459,"date":"2019-12-15T19:16:12","date_gmt":"2019-12-15T18:16:12","guid":{"rendered":"http:\/\/www.xn--kssel-heizungsbau-zzb.de\/?page_id=459"},"modified":"2019-12-15T19:16:12","modified_gmt":"2019-12-15T18:16:12","slug":"uni-giessen-neubau-chemie","status":"publish","type":"page","link":"http:\/\/www.xn--kssel-heizungsbau-zzb.de\/index.php\/uni-giessen-neubau-chemie\/","title":{"rendered":"Uni Gie\u00dfen Neubau Chemie"},"content":{"rendered":"\n<h2>Uni Gie\u00dfen Neubau Chemie<\/h2>\n\n\n\n<h3>Allgemeines<\/h3>\n\n\n\n<p>Mit dem Neubau \u201eChemie\u201c erh\u00e4lt die Justus-Liebig Universit\u00e4t einen modernen und zukunftstr\u00e4chtigen Standort zum Forschen und Lehren. Im neuen Institutsgeb\u00e4ude am Heinrich-Buff-Ring sind nun sechs chemische Institute untergebracht. <\/p>\n\n\n\n<p>Die Technik f\u00fcr die drei Geb\u00e4udeteile ist haupts\u00e4chlich in den Untergeschossen und Technikdachzentralen untergebracht. <\/p>\n\n\n\n<p>Hauptaugenmerk bildet die \u00fcber die gesamte Geb\u00e4udel\u00e4nge verlaufende Magistrale, die das Geb\u00e4ude im Inneren erschlie\u00dft und es in einen Praktikums- und einen Institutsbauk\u00f6rper mit Arbeits- und Laborbereiche gliedert<\/p>\n\n\n\n<h3>Sanit\u00e4rtechnik<\/h3>\n\n\n\n<ul><li>Entw\u00e4sserungsleitungen f\u00fcr Schmutz- und Laborabwasser<\/li><li>Medienleitungen f\u00fcr Trink- und Betriebswasser, Erdgas und Druckluft, sowie Enth\u00e4rtetes \u2013 und VE-Wasser<\/li><li>S\u00e4mtliche Sanit\u00e4re Einrichtungsgegenst\u00e4nde<\/li><li>Dachentw\u00e4sserung<\/li><li>Hebeanlagen <\/li><li>Druckerh\u00f6hungsanlagen f\u00fcr Trink- und Betriebswasser<\/li><li>Wasseraufbereitungsanlagen<\/li><li>Druckluftanlagen <\/li><li>Abwasserkontrollanlagen<\/li><li>Notduschen<\/li><\/ul>\n","protected":false},"excerpt":{"rendered":"<p>Uni Gie\u00dfen Neubau Chemie Allgemeines Mit dem Neubau \u201eChemie\u201c erh\u00e4lt die Justus-Liebig Universit\u00e4t einen modernen und zukunftstr\u00e4chtigen Standort zum Forschen und Lehren. Im neuen Institutsgeb\u00e4ude am Heinrich-Buff-Ring sind nun sechs chemische Institute untergebracht. Die Technik f\u00fcr die drei Geb\u00e4udeteile ist<span class=\"ellipsis\">&hellip;<\/span><\/p>\n<div class=\"read-more\"><a href=\"http:\/\/www.xn--kssel-heizungsbau-zzb.de\/index.php\/uni-giessen-neubau-chemie\/\">Lesen Sie weitere <span class=\"screen-reader-text\">Uni Gie\u00dfen Neubau Chemie<\/span><span class=\"meta-nav\"> &#8250;<\/span><\/a><\/div>\n<p><!-- end of .read-more --><\/p>\n","protected":false},"author":1,"featured_media":0,"parent":0,"menu_order":0,"comment_status":"closed","ping_status":"closed","template":"","meta":[],"_links":{"self":[{"href":"http:\/\/www.xn--kssel-heizungsbau-zzb.de\/index.php\/wp-json\/wp\/v2\/pages\/459"}],"collection":[{"href":"http:\/\/www.xn--kssel-heizungsbau-zzb.de\/index.php\/wp-json\/wp\/v2\/pages"}],"about":[{"href":"http:\/\/www.xn--kssel-heizungsbau-zzb.de\/index.php\/wp-json\/wp\/v2\/types\/page"}],"author":[{"embeddable":true,"href":"http:\/\/www.xn--kssel-heizungsbau-zzb.de\/index.php\/wp-json\/wp\/v2\/users\/1"}],"replies":[{"embeddable":true,"href":"http:\/\/www.xn--kssel-heizungsbau-zzb.de\/index.php\/wp-json\/wp\/v2\/comments?post=459"}],"version-history":[{"count":1,"href":"http:\/\/www.xn--kssel-heizungsbau-zzb.de\/index.php\/wp-json\/wp\/v2\/pages\/459\/revisions"}],"predecessor-version":[{"id":460,"href":"http:\/\/www.xn--kssel-heizungsbau-zzb.de\/index.php\/wp-json\/wp\/v2\/pages\/459\/revisions\/460"}],"wp:attachment":[{"href":"http:\/\/www.xn--kssel-heizungsbau-zzb.de\/index.php\/wp-json\/wp\/v2\/media?parent=459"}],"curies":[{"name":"wp","href":"https:\/\/api.w.org\/{rel}","templated":true}]}}