{"id":466,"date":"2019-12-15T19:28:23","date_gmt":"2019-12-15T18:28:23","guid":{"rendered":"http:\/\/www.xn--kssel-heizungsbau-zzb.de\/?page_id=466"},"modified":"2019-12-15T19:28:23","modified_gmt":"2019-12-15T18:28:23","slug":"hotel-elbresidenz-bad-schandau","status":"publish","type":"page","link":"http:\/\/www.xn--kssel-heizungsbau-zzb.de\/index.php\/hotel-elbresidenz-bad-schandau\/","title":{"rendered":"Hotel Elbresidenz Bad Schandau"},"content":{"rendered":"\n<h2>Hotel Elbresidenz Bad Schandau<\/h2>\n\n\n\n<h3>Anlagentechnik<\/h3>\n\n\n\n<ul><li>Trinkwassererw\u00e4rmungsanlage f\u00fcr Hotel und K\u00fcche<\/li><li>Trinkwasseraufbereitungsanlage mit Chlordioxid f\u00fcr Hotel<\/li><li>Enth\u00e4rtungsanlage mit Umkehrosmose f\u00fcr K\u00fcche<\/li><li>Abwasserhebeanlagen<\/li><li>L\u00f6schwasser-Druckerh\u00f6hungsanlage<\/li><li>Hochwasserschutzeinrichtungen in den Abwasser- und Regenwasserleitungen mittels automatischer Membranventile DN 100-200<\/li><li>S\u00e4mtliche Wand und Deckendurchdringungen f\u00fcr Rohrleitungen im UG und EG sind druckwasserdicht ausgef\u00fchrt<\/li><li>Erneuerung der kompletten Heizungs- und Sanit\u00e4rinstallation in den beiden untersten Geschossen<\/li><li>Verlegung von 2.000m\u00b2 Fu\u00dfbodenheizung<\/li><li>Wiederinbetriebnahme der Badewassertechnik, Fettabscheider und Feuerl\u00f6schanlage nach 3 Jahren Stillstandszeit<\/li><\/ul>\n","protected":false},"excerpt":{"rendered":"<p>Hotel Elbresidenz Bad Schandau Anlagentechnik Trinkwassererw\u00e4rmungsanlage f\u00fcr Hotel und K\u00fcche Trinkwasseraufbereitungsanlage mit Chlordioxid f\u00fcr Hotel Enth\u00e4rtungsanlage mit Umkehrosmose f\u00fcr K\u00fcche Abwasserhebeanlagen L\u00f6schwasser-Druckerh\u00f6hungsanlage Hochwasserschutzeinrichtungen in den Abwasser- und Regenwasserleitungen mittels automatischer Membranventile DN 100-200 S\u00e4mtliche Wand und Deckendurchdringungen f\u00fcr Rohrleitungen im<span class=\"ellipsis\">&hellip;<\/span><\/p>\n<div class=\"read-more\"><a href=\"http:\/\/www.xn--kssel-heizungsbau-zzb.de\/index.php\/hotel-elbresidenz-bad-schandau\/\">Lesen Sie weitere <span class=\"screen-reader-text\">Hotel Elbresidenz Bad Schandau<\/span><span class=\"meta-nav\"> &#8250;<\/span><\/a><\/div>\n<p><!-- end of .read-more --><\/p>\n","protected":false},"author":1,"featured_media":0,"parent":0,"menu_order":0,"comment_status":"closed","ping_status":"closed","template":"","meta":[],"_links":{"self":[{"href":"http:\/\/www.xn--kssel-heizungsbau-zzb.de\/index.php\/wp-json\/wp\/v2\/pages\/466"}],"collection":[{"href":"http:\/\/www.xn--kssel-heizungsbau-zzb.de\/index.php\/wp-json\/wp\/v2\/pages"}],"about":[{"href":"http:\/\/www.xn--kssel-heizungsbau-zzb.de\/index.php\/wp-json\/wp\/v2\/types\/page"}],"author":[{"embeddable":true,"href":"http:\/\/www.xn--kssel-heizungsbau-zzb.de\/index.php\/wp-json\/wp\/v2\/users\/1"}],"replies":[{"embeddable":true,"href":"http:\/\/www.xn--kssel-heizungsbau-zzb.de\/index.php\/wp-json\/wp\/v2\/comments?post=466"}],"version-history":[{"count":1,"href":"http:\/\/www.xn--kssel-heizungsbau-zzb.de\/index.php\/wp-json\/wp\/v2\/pages\/466\/revisions"}],"predecessor-version":[{"id":467,"href":"http:\/\/www.xn--kssel-heizungsbau-zzb.de\/index.php\/wp-json\/wp\/v2\/pages\/466\/revisions\/467"}],"wp:attachment":[{"href":"http:\/\/www.xn--kssel-heizungsbau-zzb.de\/index.php\/wp-json\/wp\/v2\/media?parent=466"}],"curies":[{"name":"wp","href":"https:\/\/api.w.org\/{rel}","templated":true}]}}